{"id":29,"date":"2018-11-15T17:15:59","date_gmt":"2018-11-15T14:15:59","guid":{"rendered":"http:\/\/drkaracabasaran.com\/en\/?page_id=29"},"modified":"2024-01-04T12:21:35","modified_gmt":"2024-01-04T09:21:35","slug":"contact","status":"publish","type":"page","link":"https:\/\/drkaracabasaran.com\/en\/contact","title":{"rendered":"Contact"},"content":{"rendered":"<p>[vc_row full_width=&#8221;stretch_row&#8221; css=&#8221;.vc_custom_1542380192294{padding-top: 30px !important;padding-bottom: 70px !important;background-image: url(http:\/\/drkaracabasaran.com\/en\/wp-content\/uploads\/2018\/11\/islemler-header.jpg?id=111) !important;background-position: center !important;background-repeat: no-repeat !important;background-size: cover !important;}&#8221;][vc_column][vc_column_text]<\/p>\n<h2 style=\"color: #8e7a67; font-family: questa-grande; font-weight: bold; text-align: center; font-size: 2rem;\">CONTACT<\/h2>\n<p>[\/vc_column_text][\/vc_column][\/vc_row][vc_row css=&#8221;.vc_custom_1542452682700{padding-top: 80px !important;padding-bottom: 80px !important;}&#8221;][vc_column width=&#8221;1\/3&#8243; css=&#8221;.vc_custom_1545046440571{padding-bottom: 120px !important;background-image: url(https:\/\/drkaracabasaran.com\/en\/wp-content\/uploads\/2018\/11\/contact_left_bg_mini.jpg?id=197) !important;background-position: center !important;background-repeat: no-repeat !important;background-size: cover !important;}&#8221; offset=&#8221;vc_hidden-sm vc_hidden-xs&#8221;][vc_column_text css=&#8221;.vc_custom_1542703840854{padding-right: 0px !important;padding-left: 0px !important;}&#8221;]<\/p>\n<div style=\"height: 67px; background: rgba(255,255,255,0.15); width: 380px; margin-left: -15px; margin-top: -35px;\"><\/div>\n<div style=\"text-align: center; color: #fff; font-size: 15px; font-weight: bold; margin-top: -45px;\">Contact Details<\/div>\n<p>[\/vc_column_text][vc_empty_space height=&#8221;70px&#8221;][vc_row_inner][vc_column_inner width=&#8221;1\/4&#8243; css=&#8221;.vc_custom_1542456151782{margin-left: -10px !important;}&#8221;][vc_column_text]<img decoding=\"async\" loading=\"lazy\" class=\"size-full wp-image-205 alignright\" style=\"margin-top: 20px; margin-right: 4px;\" src=\"http:\/\/drkaracabasaran.com\/en\/wp-content\/uploads\/2018\/11\/map-icon.png\" alt=\"\" width=\"15\" height=\"20\" \/>[\/vc_column_text][\/vc_column_inner][vc_column_inner width=&#8221;3\/4&#8243; css=&#8221;.vc_custom_1542456155970{margin-left: -10px !important;padding-right: 30px !important;}&#8221;][vc_column_text]<\/p>\n<p style=\"color: #fff; font-size: 13px; letter-spacing: 0.5px; font-weight: 400; line-height: 1.5;\">Akat Mahallesi G\u00fcl Sokak No:3 Levent\/Be\u015fikta\u015f<\/p>\n<p>[\/vc_column_text][\/vc_column_inner][\/vc_row_inner][vc_empty_space height=&#8221;40px&#8221;][vc_row_inner][vc_column_inner width=&#8221;1\/4&#8243; css=&#8221;.vc_custom_1542456159800{margin-left: -10px !important;}&#8221;][vc_column_text]<img decoding=\"async\" loading=\"lazy\" class=\"alignright size-full wp-image-232\" style=\"margin-top: 0px; margin-right: 5px;\" src=\"http:\/\/drkaracabasaran.com\/en\/wp-content\/uploads\/2018\/11\/phone-icon.png\" alt=\"\" width=\"13\" height=\"20\" \/>[\/vc_column_text][\/vc_column_inner][vc_column_inner width=&#8221;3\/4&#8243; css=&#8221;.vc_custom_1542456163174{margin-left: -10px !important;padding-right: 30px !important;}&#8221;][vc_column_text]<\/p>\n<p style=\"color: #fff; font-size: 13px; letter-spacing: 0.5px; font-weight: 400; line-height: 1.5;\">+90 (533) 462 2029<\/p>\n<p>[\/vc_column_text][\/vc_column_inner][\/vc_row_inner][vc_empty_space height=&#8221;40px&#8221;][vc_row_inner][vc_column_inner width=&#8221;1\/4&#8243; css=&#8221;.vc_custom_1542456166849{margin-left: -10px !important;}&#8221;][vc_column_text]<img decoding=\"async\" loading=\"lazy\" class=\"alignright size-full wp-image-233\" style=\"margin-top: 10px;\" src=\"http:\/\/drkaracabasaran.com\/en\/wp-content\/uploads\/2018\/11\/mail-icon.png\" alt=\"\" width=\"23\" height=\"16\" \/>[\/vc_column_text][\/vc_column_inner][vc_column_inner width=&#8221;3\/4&#8243; css=&#8221;.vc_custom_1542456170554{margin-left: -10px !important;padding-right: 30px !important;}&#8221;][vc_column_text]<\/p>\n<p style=\"color: #fff; font-size: 13px; letter-spacing: 0.5px; font-weight: 400; line-height: 1.5;\">kb@drkaracabasaran.com<br \/>\nbasarankaraca@gmail.com[\/vc_column_text][\/vc_column_inner][\/vc_row_inner][vc_empty_space height=&#8221;40px&#8221;][vc_row_inner][vc_column_inner width=&#8221;1\/4&#8243; css=&#8221;.vc_custom_1542456174819{margin-left: -10px !important;}&#8221;][vc_column_text]<img decoding=\"async\" loading=\"lazy\" class=\"alignright size-full wp-image-234\" style=\"margin-top: 0px;\" src=\"http:\/\/drkaracabasaran.com\/en\/wp-content\/uploads\/2018\/11\/social-icon.png\" alt=\"\" width=\"20\" height=\"20\" \/>[\/vc_column_text][\/vc_column_inner][vc_column_inner width=&#8221;3\/4&#8243; css=&#8221;.vc_custom_1542456178355{margin-left: -10px !important;padding-right: 30px !important;}&#8221;][vc_column_text]<\/p>\n<div style=\"float: left;\"><a href=\"https:\/\/www.facebook.com\/drkaracabasaran\" target=\"_blank\" rel=\"noopener\"><img decoding=\"async\" src=\"http:\/\/drkaracabasaran.com\/en\/face-iletisim.png\" \/><\/a><a href=\"https:\/\/www.instagram.com\/drkaracabasaran\/\" target=\"_blank\" rel=\"noopener\"><img decoding=\"async\" style=\"margin-left: 10px;\" src=\"http:\/\/drkaracabasaran.com\/en\/ins-iletisim.png\" \/><\/a><a href=\"https:\/\/www.youtube.com\/channel\/UCXoQVnm6p4odE67oun-l-oQ\" target=\"_blank\" rel=\"noopener\"><img decoding=\"async\" style=\"margin-left: 10px;\" src=\"http:\/\/drkaracabasaran.com\/en\/youtube-iletisim.png\" \/><\/a><\/div>\n<div style=\"color: #fff; font-size: 13px; letter-spacing: 0.5px; font-weight: 400; line-height: 1.5; float: left;\">\u00a0\u00a0\u00a0| drkaracabasaran<\/div>\n<p>[\/vc_column_text][\/vc_column_inner][\/vc_row_inner][\/vc_column][vc_column width=&#8221;2\/3&#8243; css=&#8221;.vc_custom_1542636761951{border-right-width: 1px !important;border-bottom-width: 1px !important;padding-bottom: 17px !important;border-right-color: rgba(10,10,10,0.17) !important;border-right-style: solid !important;border-bottom-color: rgba(10,10,10,0.17) !important;border-bottom-style: solid !important;}&#8221; offset=&#8221;vc_hidden-sm vc_hidden-xs&#8221;][vc_column_text css=&#8221;.vc_custom_1542703852665{padding-right: 0px !important;padding-left: 0px !important;}&#8221;]<\/p>\n<div style=\"height: 67px; width: 760px; background: rgba(0,0,0,0.15); margin-left: -15px; margin-top: -35px;\"><\/div>\n<div style=\"text-align: center; color: #000; font-size: 15px; font-weight: bold; margin-top: -45px;\">Send a Message &amp; Make An Appointment<\/div>\n<p>[\/vc_column_text][vc_empty_space]<div role=\"form\" class=\"wpcf7\" id=\"wpcf7-f259-o1\" lang=\"tr-TR\" dir=\"ltr\">\n<div class=\"screen-reader-response\"><\/div>\n<form action=\"\/en\/wp-json\/wp\/v2\/pages\/29#wpcf7-f259-o1\" method=\"post\" class=\"wpcf7-form\" novalidate=\"novalidate\">\n<div style=\"display: none;\">\n<input type=\"hidden\" name=\"_wpcf7\" value=\"259\" \/>\n<input type=\"hidden\" name=\"_wpcf7_version\" value=\"5.0.5\" \/>\n<input type=\"hidden\" name=\"_wpcf7_locale\" value=\"tr_TR\" \/>\n<input type=\"hidden\" name=\"_wpcf7_unit_tag\" value=\"wpcf7-f259-o1\" \/>\n<input type=\"hidden\" name=\"_wpcf7_container_post\" value=\"0\" \/>\n<\/div>\n<div style=\"padding-left:20px; padding-right:20px; padding-top:35px;\">\n<div>\n<div style=\"float:left; color:#66696b; font-size:13px; letter-spacing:0.5;\">Name & Surname<br \/>\n<span class=\"wpcf7-form-control-wrap adi\"><input type=\"text\" name=\"adi\" value=\"\" size=\"40\" class=\"wpcf7-form-control wpcf7-text\" aria-invalid=\"false\" \/><\/span><\/div>\n<div style=\"float:left; color:#66696b; font-size:13px; letter-spacing:0.5; margin-left:40px;\">E-mail<br \/>\n<span class=\"wpcf7-form-control-wrap mail\"><input type=\"email\" name=\"mail\" value=\"\" size=\"40\" class=\"wpcf7-form-control wpcf7-text wpcf7-email wpcf7-validates-as-email\" aria-invalid=\"false\" \/><\/span><\/div>\n<\/div>\n<p><br><\/p>\n<div>\n<div style=\"float:left; color:#66696b; font-size:13px; letter-spacing:0.5;\">Contact Number<br \/>\n<span class=\"wpcf7-form-control-wrap telefon\"><input type=\"tel\" name=\"telefon\" value=\"\" size=\"40\" class=\"wpcf7-form-control wpcf7-text wpcf7-tel wpcf7-validates-as-required wpcf7-validates-as-tel\" aria-required=\"true\" aria-invalid=\"false\" \/><\/span><\/div>\n<div style=\"float:left; color:#66696b; font-size:13px; letter-spacing:0.5; margin-left:40px;\">Subject<br \/>\n<span class=\"wpcf7-form-control-wrap konu\"><select name=\"konu\" class=\"wpcf7-form-control wpcf7-select\" aria-invalid=\"false\"><option value=\"Appointmnet\">Appointmnet<\/option><option value=\"Question\">Question<\/option><option value=\"Other\">Other<\/option><\/select><\/span><\/div>\n<\/div>\n<p><br><br><br><\/p>\n<div style=\"color:#66696b; font-size:13px; letter-spacing:0.5;\">Message<br \/>\n<span class=\"wpcf7-form-control-wrap mesaj\"><textarea name=\"mesaj\" cols=\"3\" rows=\"2\" class=\"wpcf7-form-control wpcf7-textarea\" aria-invalid=\"false\"><\/textarea><\/span><\/div>\n<div><input type=\"submit\" value=\"SEND\" class=\"wpcf7-form-control wpcf7-submit\" \/><\/div>\n<\/div>\n<div class=\"wpcf7-response-output wpcf7-display-none\"><\/div><\/form><\/div>[\/vc_column][\/vc_row][vc_row full_width=&#8221;stretch_row_content_no_spaces&#8221; css=&#8221;.vc_custom_1542638164086{padding-top: 80px !important;}&#8221;][vc_column width=&#8221;1\/3&#8243; css=&#8221;.vc_custom_1545046449671{margin-top: -250px !important;background-image: url(https:\/\/drkaracabasaran.com\/en\/wp-content\/uploads\/2018\/11\/contact_left_bg_mini.jpg?id=197) !important;background-position: center !important;background-repeat: no-repeat !important;background-size: cover !important;}&#8221; offset=&#8221;vc_hidden-lg vc_hidden-md&#8221;][vc_column_text css=&#8221;.vc_custom_1542703872735{padding-right: 15px !important;padding-left: 15px !important;}&#8221;]<\/p>\n<div style=\"height: 67px; background: rgba(255,255,255,0.15); width: 380px; margin-left: -15px; margin-top: -35px;\"><\/div>\n<div style=\"text-align: center; color: #fff; font-size: 15px; font-weight: bold; margin-top: -45px;\">Contact Details<\/div>\n<p>[\/vc_column_text][vc_empty_space height=&#8221;70px&#8221;][vc_row_inner][vc_column_inner width=&#8221;1\/4&#8243; css=&#8221;.vc_custom_1542637987818{margin-left: 30px !important;}&#8221;][vc_column_text]<img decoding=\"async\" loading=\"lazy\" class=\"size-full wp-image-205 alignright\" style=\"margin-top: 20px; margin-right: 4px;\" src=\"http:\/\/drkaracabasaran.com\/en\/wp-content\/uploads\/2018\/11\/map-icon.png\" alt=\"\" width=\"15\" height=\"20\" \/>[\/vc_column_text][\/vc_column_inner][vc_column_inner width=&#8221;3\/4&#8243; css=&#8221;.vc_custom_1542638011506{margin-top: -35px !important;margin-left: 80px !important;}&#8221;][vc_column_text css=&#8221;.vc_custom_1542637645709{padding-right: 170px !important;}&#8221;]<\/p>\n<p style=\"color: #fff; font-size: 13px; letter-spacing: 0.5px; font-weight: 400; line-height: 1.5;\">Te\u015fvikiye Mah. Hakk\u0131 Yeten Cad. A\u015f\u00e7\u0131o\u011flu Plaza 17\/6 34365 Fulya \/ \u015ei\u015fli \/ \u0130stanbul<\/p>\n<p>[\/vc_column_text][\/vc_column_inner][\/vc_row_inner][vc_empty_space height=&#8221;40px&#8221;][vc_row_inner][vc_column_inner width=&#8221;1\/4&#8243; css=&#8221;.vc_custom_1542638039843{margin-left: 30px !important;}&#8221;][vc_column_text]<img decoding=\"async\" loading=\"lazy\" class=\"alignright size-full wp-image-232\" style=\"margin-top: 0px; margin-right: 5px;\" src=\"http:\/\/drkaracabasaran.com\/en\/wp-content\/uploads\/2018\/11\/phone-icon.png\" alt=\"\" width=\"13\" height=\"20\" \/>[\/vc_column_text][\/vc_column_inner][vc_column_inner width=&#8221;3\/4&#8243; css=&#8221;.vc_custom_1542638047296{margin-left: 80px !important;padding-right: 30px !important;}&#8221;][vc_column_text css=&#8221;.vc_custom_1542637849179{margin-top: -20px !important;}&#8221;]<\/p>\n<p style=\"color: #fff; font-size: 13px; letter-spacing: 0.5px; font-weight: 400; line-height: 1.5;\">+90 (533) 462 2029<\/p>\n<p>[\/vc_column_text][\/vc_column_inner][\/vc_row_inner][vc_empty_space height=&#8221;40px&#8221;][vc_row_inner][vc_column_inner width=&#8221;1\/4&#8243; css=&#8221;.vc_custom_1542638132021{margin-left: 25px !important;}&#8221;][vc_column_text]<img decoding=\"async\" loading=\"lazy\" class=\"alignright size-full wp-image-233\" style=\"margin-top: 10px;\" src=\"http:\/\/drkaracabasaran.com\/en\/wp-content\/uploads\/2018\/11\/mail-icon.png\" alt=\"\" width=\"23\" height=\"16\" \/>[\/vc_column_text][\/vc_column_inner][vc_column_inner width=&#8221;3\/4&#8243; css=&#8221;.vc_custom_1542638058459{margin-left: 80px !important;padding-right: 30px !important;}&#8221;][vc_column_text css=&#8221;.vc_custom_1542637898939{margin-top: -25px !important;}&#8221;]<\/p>\n<p style=\"color: #fff; font-size: 13px; letter-spacing: 0.5px; font-weight: 400; line-height: 1.5;\">kb@drkaracabasaran.com<br \/>\nbasarankaraca@gmail.com[\/vc_column_text][\/vc_column_inner][\/vc_row_inner][vc_empty_space height=&#8221;40px&#8221;][vc_row_inner][vc_column_inner width=&#8221;1\/4&#8243; css=&#8221;.vc_custom_1542638137854{margin-left: 25px !important;}&#8221;][vc_column_text]<img decoding=\"async\" loading=\"lazy\" class=\"alignright size-full wp-image-234\" style=\"margin-top: 0px;\" src=\"http:\/\/drkaracabasaran.com\/en\/wp-content\/uploads\/2018\/11\/social-icon.png\" alt=\"\" width=\"20\" height=\"20\" \/>[\/vc_column_text][\/vc_column_inner][vc_column_inner width=&#8221;3\/4&#8243; css=&#8221;.vc_custom_1542638070716{margin-left: 80px !important;padding-right: 30px !important;}&#8221;][vc_column_text css=&#8221;.vc_custom_1542637957114{margin-top: -20px !important;}&#8221;]<\/p>\n<div style=\"float: left;\"><a href=\"https:\/\/www.facebook.com\/drkaracabasaran\" target=\"_blank\" rel=\"noopener\"><img decoding=\"async\" src=\"http:\/\/drkaracabasaran.com\/en\/face-iletisim.png\" \/><\/a><a href=\"https:\/\/www.instagram.com\/drkaracabasaran\/\" target=\"_blank\" rel=\"noopener\"><img decoding=\"async\" style=\"margin-left: 10px;\" src=\"http:\/\/drkaracabasaran.com\/en\/ins-iletisim.png\" \/><\/a><a href=\"https:\/\/www.youtube.com\/channel\/UCXoQVnm6p4odE67oun-l-oQ\" target=\"_blank\" rel=\"noopener\"><img decoding=\"async\" style=\"margin-left: 10px;\" src=\"http:\/\/drkaracabasaran.com\/en\/youtube-iletisim.png\" \/><\/a><\/div>\n<div style=\"color: #fff; font-size: 13px; letter-spacing: 0.5px; font-weight: 400; line-height: 1.5; float: left;\">\u00a0\u00a0\u00a0| drkaracabasaran<\/div>\n<p>[\/vc_column_text][\/vc_column_inner][\/vc_row_inner][vc_empty_space height=&#8221;50px&#8221;][\/vc_column][vc_column width=&#8221;2\/3&#8243; css=&#8221;.vc_custom_1542637245018{padding-top: 50px !important;padding-bottom: 17px !important;}&#8221; offset=&#8221;vc_hidden-lg vc_hidden-md&#8221;][vc_column_text css=&#8221;.vc_custom_1542703863804{padding-right: 0px !important;padding-left: 0px !important;}&#8221;]<\/p>\n<div style=\"height: 67px; width: 760px; background: rgba(0,0,0,0.15); margin-left: -15px; margin-top: -35px;\"><\/div>\n<div style=\"text-align: center; color: #000; font-size: 15px; font-weight: bold; margin-top: -45px;\">Send a Message &amp; Make An Appointment<\/div>\n<p>[\/vc_column_text][vc_empty_space][vc_row_inner][vc_column_inner css=&#8221;.vc_custom_1542637194085{padding-right: 25px !important;padding-left: 25px !important;}&#8221;]<div role=\"form\" class=\"wpcf7\" id=\"wpcf7-f347-o2\" lang=\"tr-TR\" dir=\"ltr\">\n<div class=\"screen-reader-response\"><\/div>\n<form action=\"\/en\/wp-json\/wp\/v2\/pages\/29#wpcf7-f347-o2\" method=\"post\" class=\"wpcf7-form\" novalidate=\"novalidate\">\n<div style=\"display: none;\">\n<input type=\"hidden\" name=\"_wpcf7\" value=\"347\" \/>\n<input type=\"hidden\" name=\"_wpcf7_version\" value=\"5.0.5\" \/>\n<input type=\"hidden\" name=\"_wpcf7_locale\" value=\"tr_TR\" \/>\n<input type=\"hidden\" name=\"_wpcf7_unit_tag\" value=\"wpcf7-f347-o2\" \/>\n<input type=\"hidden\" name=\"_wpcf7_container_post\" value=\"0\" \/>\n<\/div>\n<div style=\"float:left; color:#66696b; font-size:13px; letter-spacing:0.5;\">Name & Surname<br \/>\n<span class=\"wpcf7-form-control-wrap adi\"><input type=\"text\" name=\"adi\" value=\"\" size=\"40\" class=\"wpcf7-form-control wpcf7-text\" aria-invalid=\"false\" \/><\/span><\/div>\n<div style=\"float:left; color:#66696b; font-size:13px; letter-spacing:0.5;\">E-mail<br \/>\n<span class=\"wpcf7-form-control-wrap mail\"><input type=\"email\" name=\"mail\" value=\"\" size=\"40\" class=\"wpcf7-form-control wpcf7-text wpcf7-email wpcf7-validates-as-email\" aria-invalid=\"false\" \/><\/span><\/div>\n<p><br><\/p>\n<div>\n<div style=\"color:#66696b; font-size:13px; letter-spacing:0.5;\">Contact Number<br \/>\n<span class=\"wpcf7-form-control-wrap telefon\"><input type=\"tel\" name=\"telefon\" value=\"\" size=\"40\" class=\"wpcf7-form-control wpcf7-text wpcf7-tel wpcf7-validates-as-required wpcf7-validates-as-tel\" aria-required=\"true\" aria-invalid=\"false\" \/><\/span><\/div>\n<div style=\"float:left; color:#66696b; font-size:13px; letter-spacing:0.5;\">Subject<br \/>\n<span class=\"wpcf7-form-control-wrap konu\"><select name=\"konu\" class=\"wpcf7-form-control wpcf7-select\" aria-invalid=\"false\"><option value=\"Appointmnet\">Appointmnet<\/option><option value=\"Question\">Question<\/option><option value=\"Other\">Other<\/option><\/select><\/span><\/div>\n<p><br><br><br><\/p>\n<div style=\"color:#66696b; font-size:13px; letter-spacing:0.5;\">Message<br \/>\n<span class=\"wpcf7-form-control-wrap mesaj\"><textarea name=\"mesaj\" cols=\"3\" rows=\"2\" class=\"wpcf7-form-control wpcf7-textarea\" aria-invalid=\"false\"><\/textarea><\/span><\/div>\n<div><input type=\"submit\" value=\"SEND\" class=\"wpcf7-form-control wpcf7-submit\" \/><\/div>\n<div class=\"wpcf7-response-output wpcf7-display-none\"><\/div><\/form><\/div>[\/vc_column_inner][\/vc_row_inner][\/vc_column][\/vc_row]<\/p>\n","protected":false},"excerpt":{"rendered":"<p>[vc_row full_width=&#8221;stretch_row&#8221; css=&#8221;.vc_custom_1542380192294{padding-top: 30px !important;padding-bottom: 70px !important;background-image: url(http:\/\/drkaracabasaran.com\/en\/wp-content\/uploads\/2018\/11\/islemler-header.jpg?id=111) !important;background-position: center !important;background-repeat: no-repeat !important;background-size: cover !important;}&#8221;][vc_column][vc_column_text] CONTACT [\/vc_column_text][\/vc_column][\/vc_row][vc_row css=&#8221;.vc_custom_1542452682700{padding-top: 80px !important;padding-bottom:<\/p>\n","protected":false},"author":1,"featured_media":0,"parent":0,"menu_order":0,"comment_status":"closed","ping_status":"closed","template":"page-no-paddings.php","meta":[],"aioseo_notices":[],"_links":{"self":[{"href":"https:\/\/drkaracabasaran.com\/en\/wp-json\/wp\/v2\/pages\/29"}],"collection":[{"href":"https:\/\/drkaracabasaran.com\/en\/wp-json\/wp\/v2\/pages"}],"about":[{"href":"https:\/\/drkaracabasaran.com\/en\/wp-json\/wp\/v2\/types\/page"}],"author":[{"embeddable":true,"href":"https:\/\/drkaracabasaran.com\/en\/wp-json\/wp\/v2\/users\/1"}],"replies":[{"embeddable":true,"href":"https:\/\/drkaracabasaran.com\/en\/wp-json\/wp\/v2\/comments?post=29"}],"version-history":[{"count":99,"href":"https:\/\/drkaracabasaran.com\/en\/wp-json\/wp\/v2\/pages\/29\/revisions"}],"predecessor-version":[{"id":460,"href":"https:\/\/drkaracabasaran.com\/en\/wp-json\/wp\/v2\/pages\/29\/revisions\/460"}],"wp:attachment":[{"href":"https:\/\/drkaracabasaran.com\/en\/wp-json\/wp\/v2\/media?parent=29"}],"curies":[{"name":"wp","href":"https:\/\/api.w.org\/{rel}","templated":true}]}}