{"id":27,"date":"2018-11-15T17:15:48","date_gmt":"2018-11-15T14:15:48","guid":{"rendered":"http:\/\/drkaracabasaran.com\/en\/?page_id=27"},"modified":"2020-12-05T15:38:10","modified_gmt":"2020-12-05T12:38:10","slug":"personal-techniques","status":"publish","type":"page","link":"https:\/\/drkaracabasaran.com\/en\/personal-techniques","title":{"rendered":"Personal Techniques"},"content":{"rendered":"<p>[vc_row full_width=&#8221;stretch_row&#8221; css=&#8221;.vc_custom_1542380192294{padding-top: 30px !important;padding-bottom: 70px !important;background-image: url(http:\/\/drkaracabasaran.com\/en\/wp-content\/uploads\/2018\/11\/islemler-header.jpg?id=111) !important;background-position: center !important;background-repeat: no-repeat !important;background-size: cover !important;}&#8221;][vc_column][vc_column_text]<\/p>\n<h2 style=\"color: #8e7a67; font-family: questa-grande; font-weight: bold; text-align: center; font-size: 2rem;\">PERSONAL TECHNIQUES<\/h2>\n<p>[\/vc_column_text][\/vc_column][\/vc_row][vc_row css=&#8221;.vc_custom_1542446419420{padding-top: 10px !important;}&#8221;][vc_column][vc_column_text]<img decoding=\"async\" loading=\"lazy\" class=\"aligncenter size-full wp-image-439\" src=\"https:\/\/drkaracabasaran.com\/en\/wp-content\/uploads\/2020\/12\/tekniklerim1.jpg\" alt=\"\" width=\"1400\" height=\"550\" srcset=\"https:\/\/drkaracabasaran.com\/en\/wp-content\/uploads\/2020\/12\/tekniklerim1.jpg 1400w, https:\/\/drkaracabasaran.com\/en\/wp-content\/uploads\/2020\/12\/tekniklerim1-300x118.jpg 300w, https:\/\/drkaracabasaran.com\/en\/wp-content\/uploads\/2020\/12\/tekniklerim1-768x302.jpg 768w, https:\/\/drkaracabasaran.com\/en\/wp-content\/uploads\/2020\/12\/tekniklerim1-1024x402.jpg 1024w\" sizes=\"(max-width: 1400px) 100vw, 1400px\" \/>[\/vc_column_text][\/vc_column][\/vc_row][vc_row css=&#8221;.vc_custom_1542448366634{padding-top: 50px !important;}&#8221;][vc_column width=&#8221;1\/2&#8243;][vc_column_text]<\/p>\n<h5 style=\"color: #8e7a67; font-size: 15px; font-weight: 500; font-family: inherit; letter-spacing: 0.5px;\">KB Technique #1<\/h5>\n<p style=\"font-size: 13px; font-weight: bold; text-align: justify!important; letter-spacing: 0.5px; line-height: 1.5; margin-top: -20px;\">In this research published in the world&#8217;s best and most prestigious journal, Ba\u015faran, MD explained the mechanism that causes drooping of the nasal tip as a result of the loss of nasal tip support frequently seen after rhinoplasty. In his research carried out on rabbits, he listed what is necessary to provide an aesthetically beautiful and permanent nose and not to lose the nasal support.<\/p>\n<p style=\"font-size: 10px; font-weight: 400; text-align: justify!important; letter-spacing: 0.5px; line-height: 1.5; margin-top: -5px;\">BA\u015eARAN \u0130BRAH\u0130M KARACA,BASAT SAL\u0130H ONUR,\u00d6ZEL ASUMAN,YAZAR MEMET,BOZDA\u011e S\u00dcREYYA ERG\u00dcN,TUNA MERAL,SAR MEHMET,P\u0130LANCI \u00d6ZG\u00dcR (2016) The effects of mucoperichondrial flap elevation on septal L-strut cartilage: a biomechanical and histological analysis in a rabbit model. Plastic and Reconstructive Surgery, Nov;27(8):1946-1950. doi: 10.1097\/SCS.0000000000003017<\/p>\n<p>[\/vc_column_text][vc_column_text css=&#8221;.vc_custom_1542449249805{padding-top: 15px !important;}&#8221;]<a href=\"http:\/\/drkaracabasaran.com\/en\/teknik\/kn-teknik-1.pdf\" target=\"_blank\" rel=\"noopener\"><img decoding=\"async\" loading=\"lazy\" class=\"aligncenter size-full wp-image-178\" src=\"http:\/\/drkaracabasaran.com\/en\/wp-content\/uploads\/2018\/11\/makaleyi-oku-buton.jpg\" alt=\"\" width=\"500\" height=\"39\" srcset=\"https:\/\/drkaracabasaran.com\/en\/wp-content\/uploads\/2018\/11\/makaleyi-oku-buton.jpg 500w, https:\/\/drkaracabasaran.com\/en\/wp-content\/uploads\/2018\/11\/makaleyi-oku-buton-300x23.jpg 300w\" sizes=\"(max-width: 500px) 100vw, 500px\" \/><\/a>[\/vc_column_text][vc_empty_space height=&#8221;15px&#8221;][\/vc_column][vc_column width=&#8221;1\/2&#8243;][vc_column_text]<\/p>\n<h5 style=\"color: #8e7a67; font-size: 15px; font-weight: 500; font-family: inherit; letter-spacing: 0.5px;\">KB Technique #2<\/h5>\n<p style=\"font-size: 13px; font-weight: bold; text-align: justify!important; letter-spacing: 0.5px; line-height: 1.5; margin-top: -20px;\">Ba\u015faran, MD has developed a new method that can be applied around the nipple to achieve a full natural appearance in breast reduction or breast lift surgeries. In this way, through this type of surgery, a very natural appearance can be obtained. This invention has been published in AESTHETIC PLASTIC SURGERY, one of the most prestigious journals in the USA.<\/p>\n<p style=\"font-size: 10px; font-weight: 400; text-align: justify!important; letter-spacing: 0.5px; line-height: 1.5; margin-top: -5px;\">BA\u015eARAN \u0130BRAH\u0130M KARACA,BASAT SAL\u0130H ONUR,\u015eEN MERCAN EBRU,AK\u00d6Z SAYDAM FUNDA, AYGIT AHMET CEMAL (2015). The Use of Dermabrasion to Achieve Natural-Looking Areolas Following Breast Reduction or Mastopexy: A Study of 23 Patients. Aesthetic Plastic Surgery, 39 (4), 534-539., Doi: 10.1007\/s00266-015-0521-9<\/p>\n<p>[\/vc_column_text][vc_column_text css=&#8221;.vc_custom_1542449258542{padding-top: 15px !important;}&#8221;]<a href=\"http:\/\/drkaracabasaran.com\/en\/teknik\/kn-teknik-2.pdf\" target=\"_blank\" rel=\"noopener\"><img decoding=\"async\" loading=\"lazy\" class=\"aligncenter size-full wp-image-178\" src=\"http:\/\/drkaracabasaran.com\/en\/wp-content\/uploads\/2018\/11\/makaleyi-oku-buton.jpg\" alt=\"\" width=\"500\" height=\"39\" srcset=\"https:\/\/drkaracabasaran.com\/en\/wp-content\/uploads\/2018\/11\/makaleyi-oku-buton.jpg 500w, https:\/\/drkaracabasaran.com\/en\/wp-content\/uploads\/2018\/11\/makaleyi-oku-buton-300x23.jpg 300w\" sizes=\"(max-width: 500px) 100vw, 500px\" \/><\/a>[\/vc_column_text][\/vc_column][\/vc_row][vc_row css=&#8221;.vc_custom_1542448366634{padding-top: 50px !important;}&#8221;][vc_column width=&#8221;1\/2&#8243;][vc_column_text]<\/p>\n<h5 style=\"color: #8e7a67; font-size: 15px; font-weight: 500; font-family: inherit; letter-spacing: 0.5px;\">KB Technique #3<\/h5>\n<p style=\"font-size: 13px; font-weight: bold; text-align: justify!important; letter-spacing: 0.5px; line-height: 1.5; margin-top: -20px;\">In this article which was published together with Naz\u0131m \u00c7erke\u015f, MD, one of the most important rhinoplasty surgeons in the world today, the correction surgeries which are performed with rib cartilage and muscle membrane in patients who have previously undergone unsuccessful rhinoplasty were described. This study which is the largest series of patients in the world has been published in PRS, the most prestigious magazine.<\/p>\n<p style=\"font-size: 10px; font-weight: 400; text-align: justify!important; letter-spacing: 0.5px; line-height: 1.5; margin-top: -5px;\">\u00c7ERKE\u015e NAZIM,BA\u015eARAN \u0130BRAH\u0130M KARACA (2016). Diced Cartilage Grafts Wrapped in Rectus Abdominis Fascia for Nasal Dorsum Augmentation. Plastic and Reconstructive Surgery, 137(1), 43-51., Doi: 10.1097\/PRS.0000000000001876<\/p>\n<p>[\/vc_column_text][vc_column_text css=&#8221;.vc_custom_1542449266923{padding-top: 15px !important;}&#8221;]<a href=\"http:\/\/drkaracabasaran.com\/en\/teknik\/kn-teknik-3.pdf\" target=\"_blank\" rel=\"noopener\"><img decoding=\"async\" loading=\"lazy\" class=\"aligncenter size-full wp-image-178\" src=\"http:\/\/drkaracabasaran.com\/en\/wp-content\/uploads\/2018\/11\/makaleyi-oku-buton.jpg\" alt=\"\" width=\"500\" height=\"39\" srcset=\"https:\/\/drkaracabasaran.com\/en\/wp-content\/uploads\/2018\/11\/makaleyi-oku-buton.jpg 500w, https:\/\/drkaracabasaran.com\/en\/wp-content\/uploads\/2018\/11\/makaleyi-oku-buton-300x23.jpg 300w\" sizes=\"(max-width: 500px) 100vw, 500px\" \/><\/a>[\/vc_column_text][vc_empty_space height=&#8221;15px&#8221;][\/vc_column][vc_column width=&#8221;1\/2&#8243;][vc_column_text]<\/p>\n<h5 style=\"color: #8e7a67; font-size: 15px; font-weight: 500; font-family: inherit; letter-spacing: 0.5px;\">KB Technique #4<\/h5>\n<p style=\"font-size: 13px; font-weight: bold; text-align: justify!important; letter-spacing: 0.5px; line-height: 1.5; margin-top: -20px;\">His own breast reduction technique, which he developed in his assistantship period in the \u00c7apa Medical Faculty, received the best work award by the Turkish Society of Plastic Surgery in the same year. It was also published as the original article in PRS, the most prestigious American plastic surgery journal. In this article, Ba\u015faran, MD described how to achieve an effective reduction in the patients with very large breasts thanks to his own technique.<\/p>\n<p style=\"font-size: 10px; font-weight: 400; text-align: justify!important; letter-spacing: 0.5px; line-height: 1.5; margin-top: -5px;\">BA\u015eARAN \u0130BRAH\u0130M KARACA,U\u00c7AR ADEM,G\u00dcVEN ERDEM,ARINCI R\u0130FAT AT\u0130LLA,YAZAR MEMET, KUVAT SAMET VASF\u0130 (2011). Ultrasonographically Determined Pedicled Breast Reduction in Severe Gigantomastia. Plastic and Reconstructive Surgery, 128(4), 252-259., Doi: 10.1097\/PRS. 0b013e3182268bb1<\/p>\n<p>[\/vc_column_text][vc_column_text css=&#8221;.vc_custom_1542449275191{padding-top: 15px !important;}&#8221;]<a href=\"http:\/\/drkaracabasaran.com\/en\/teknik\/kn-teknik-4.pdf\" target=\"_blank\" rel=\"noopener\"><img decoding=\"async\" loading=\"lazy\" class=\"aligncenter size-full wp-image-178\" src=\"http:\/\/drkaracabasaran.com\/en\/wp-content\/uploads\/2018\/11\/makaleyi-oku-buton.jpg\" alt=\"\" width=\"500\" height=\"39\" srcset=\"https:\/\/drkaracabasaran.com\/en\/wp-content\/uploads\/2018\/11\/makaleyi-oku-buton.jpg 500w, https:\/\/drkaracabasaran.com\/en\/wp-content\/uploads\/2018\/11\/makaleyi-oku-buton-300x23.jpg 300w\" sizes=\"(max-width: 500px) 100vw, 500px\" \/><\/a>[\/vc_column_text][\/vc_column][\/vc_row][vc_row css=&#8221;.vc_custom_1542448366634{padding-top: 50px !important;}&#8221;][vc_column width=&#8221;1\/2&#8243;][vc_column_text]<\/p>\n<h5 style=\"color: #8e7a67; font-size: 15px; font-weight: 500; font-family: inherit; letter-spacing: 0.5px;\">KB Technique #5<\/h5>\n<p style=\"font-size: 13px; font-weight: bold; text-align: justify!important; letter-spacing: 0.5px; line-height: 1.5; margin-top: -20px;\">In this breast reduction surgery, which is another technique of Ba\u015faran, MD, it is possible to achieve a better aesthetic result in patients with very large breasts.<\/p>\n<p style=\"font-size: 10px; font-weight: 400; text-align: justify!important; letter-spacing: 0.5px; line-height: 1.5; margin-top: -5px;\">AHMET CEMAL (2014). The Free-Nipple Breast-Reduction Technique Performed with Transfer of the Nipple\u2013Areola Complex Over the Superior or Superomedial Pedicles. Aesthetic Plastic Surgery, 38 (4), 718-726., Doi: 10.1007\/s00266-014-0343-1<\/p>\n<p>[\/vc_column_text][vc_column_text css=&#8221;.vc_custom_1542449282991{padding-top: 15px !important;}&#8221;]<a href=\"http:\/\/drkaracabasaran.com\/en\/teknik\/kn-teknik-5.pdf\" target=\"_blank\" rel=\"noopener\"><img decoding=\"async\" loading=\"lazy\" class=\"aligncenter size-full wp-image-178\" src=\"http:\/\/drkaracabasaran.com\/en\/wp-content\/uploads\/2018\/11\/makaleyi-oku-buton.jpg\" alt=\"\" width=\"500\" height=\"39\" srcset=\"https:\/\/drkaracabasaran.com\/en\/wp-content\/uploads\/2018\/11\/makaleyi-oku-buton.jpg 500w, https:\/\/drkaracabasaran.com\/en\/wp-content\/uploads\/2018\/11\/makaleyi-oku-buton-300x23.jpg 300w\" sizes=\"(max-width: 500px) 100vw, 500px\" \/><\/a>[\/vc_column_text][vc_empty_space height=&#8221;15px&#8221;][\/vc_column][vc_column width=&#8221;1\/2&#8243;][vc_column_text]<\/p>\n<h5 style=\"color: #8e7a67; font-size: 15px; font-weight: 500; font-family: inherit; letter-spacing: 0.5px;\">KB Technique #6<\/h5>\n<p style=\"font-size: 13px; font-weight: bold; text-align: justify!important; letter-spacing: 0.5px; line-height: 1.5; margin-top: -20px;\">In this study carried out with \u00d6zg\u00fcr Pilanc\u0131, MD, Ba\u015faran, MD explained the fat transfer technique providing a more natural breast structure in the gynecomastia treatment, the enlargement of breast in males.<\/p>\n<p style=\"font-size: 10px; font-weight: 400; text-align: justify!important; letter-spacing: 0.5px; line-height: 1.5; margin-top: -5px;\">P\u0130LANCI \u00d6ZG\u00dcR,BA\u015eARAN \u0130BRAH\u0130M KARACA,AYDIN HASAN UTKAN,\u00c7\u00d6RT\u00dcK O\u011eUZ,KUVAT SAMET VASF\u0130 (2015). Autologous Fat Injection into the Pectoralis Major as an Adjunct to Surgical Correction of Gynecomastia. Aesthetic Surgery Journal, 35(3), 54-61., Doi: 10.1093\/asj\/sju015<\/p>\n<p>[\/vc_column_text][vc_column_text css=&#8221;.vc_custom_1542449290390{padding-top: 15px !important;}&#8221;]<a href=\"http:\/\/drkaracabasaran.com\/en\/teknik\/kn-teknik-6.pdf\" target=\"_blank\" rel=\"noopener\"><img decoding=\"async\" loading=\"lazy\" class=\"aligncenter size-full wp-image-178\" src=\"http:\/\/drkaracabasaran.com\/en\/wp-content\/uploads\/2018\/11\/makaleyi-oku-buton.jpg\" alt=\"\" width=\"500\" height=\"39\" srcset=\"https:\/\/drkaracabasaran.com\/en\/wp-content\/uploads\/2018\/11\/makaleyi-oku-buton.jpg 500w, https:\/\/drkaracabasaran.com\/en\/wp-content\/uploads\/2018\/11\/makaleyi-oku-buton-300x23.jpg 300w\" sizes=\"(max-width: 500px) 100vw, 500px\" \/><\/a>[\/vc_column_text][\/vc_column][\/vc_row][vc_row css=&#8221;.vc_custom_1542448366634{padding-top: 50px !important;}&#8221;][vc_column width=&#8221;1\/2&#8243;][vc_column_text]<\/p>\n<h5 style=\"color: #8e7a67; font-size: 15px; font-weight: 500; font-family: inherit; letter-spacing: 0.5px;\">KB Technique #7<\/h5>\n<p style=\"font-size: 13px; font-weight: bold; text-align: justify!important; letter-spacing: 0.5px; line-height: 1.5; margin-top: -20px;\">In this article published with Professor Cemal Ayg\u0131t, MD, Ba\u015faran, MD defined a new technique in breast augmentation surgery under the armpit. This article has also been published in the most prestigious journal, PRS.<\/p>\n<p style=\"font-size: 10px; font-weight: 400; text-align: justify!important; letter-spacing: 0.5px; line-height: 1.5; margin-top: -5px;\">AYGIT AHMET CEMAL,BA\u015eARAN \u0130BRAH\u0130M KARACA,MERCAN EBRU \u015eEN (2013). Transaxillary Totally Subfascial Breast Augmentation with Anatomical Breast Implants. Plastic and Reconstructive Surgery, 131(5), 1149-1156., Doi: 10.1097\/PRS.0b013e3182865d68, (Kontrol No:2538491)<\/p>\n<p>[\/vc_column_text][vc_column_text css=&#8221;.vc_custom_1542449298210{padding-top: 15px !important;}&#8221;]<a href=\"http:\/\/drkaracabasaran.com\/en\/teknik\/kn-teknik-7.pdf\" target=\"_blank\" rel=\"noopener\"><img decoding=\"async\" loading=\"lazy\" class=\"aligncenter size-full wp-image-178\" src=\"http:\/\/drkaracabasaran.com\/en\/wp-content\/uploads\/2018\/11\/makaleyi-oku-buton.jpg\" alt=\"\" width=\"500\" height=\"39\" srcset=\"https:\/\/drkaracabasaran.com\/en\/wp-content\/uploads\/2018\/11\/makaleyi-oku-buton.jpg 500w, https:\/\/drkaracabasaran.com\/en\/wp-content\/uploads\/2018\/11\/makaleyi-oku-buton-300x23.jpg 300w\" sizes=\"(max-width: 500px) 100vw, 500px\" \/><\/a>[\/vc_column_text][vc_empty_space height=&#8221;15px&#8221;][\/vc_column][vc_column width=&#8221;1\/2&#8243;][vc_column_text]<\/p>\n<h5 style=\"color: #8e7a67; font-size: 15px; font-weight: 500; font-family: inherit; letter-spacing: 0.5px;\">KB Technique #8<\/h5>\n<p style=\"font-size: 13px; font-weight: bold; text-align: justify!important; letter-spacing: 0.5px; line-height: 1.5; margin-top: -20px;\">In this article, Ba\u015faran, MD also described a new surgical instrument that can be used in microsurgical operations, patented in his own name.<\/p>\n<p style=\"font-size: 10px; font-weight: 400; text-align: justify!important; letter-spacing: 0.5px; line-height: 1.5; margin-top: -5px;\">YAZAR MEMET,BA\u015eARAN \u0130BRAH\u0130M KARACA,G\u00dcVEN ERDEM,U\u011eURLU ALPER METE,TOPALAN MURAT (2009). A new approximator used in microvascular anastomosis. Microsurgery, 29(7), 588-591., Doi: 10.1002\/micr.20683(Edit\u00f6re Mektup), (Kontrol No: 2535374)<\/p>\n<p>[\/vc_column_text][vc_column_text css=&#8221;.vc_custom_1542449306259{padding-top: 15px !important;}&#8221;]<a href=\"http:\/\/drkaracabasaran.com\/en\/teknik\/kn-teknik-8.pdf\" target=\"_blank\" rel=\"noopener\"><img decoding=\"async\" loading=\"lazy\" class=\"aligncenter size-full wp-image-178\" src=\"http:\/\/drkaracabasaran.com\/en\/wp-content\/uploads\/2018\/11\/makaleyi-oku-buton.jpg\" alt=\"\" width=\"500\" height=\"39\" srcset=\"https:\/\/drkaracabasaran.com\/en\/wp-content\/uploads\/2018\/11\/makaleyi-oku-buton.jpg 500w, https:\/\/drkaracabasaran.com\/en\/wp-content\/uploads\/2018\/11\/makaleyi-oku-buton-300x23.jpg 300w\" sizes=\"(max-width: 500px) 100vw, 500px\" \/><\/a>[\/vc_column_text][\/vc_column][\/vc_row][vc_row css=&#8221;.vc_custom_1542448366634{padding-top: 50px !important;}&#8221;][vc_column width=&#8221;1\/2&#8243;][vc_column_text]<\/p>\n<h5 style=\"color: #8e7a67; font-size: 15px; font-weight: 500; font-family: inherit; letter-spacing: 0.5px;\">KB Technique #9<\/h5>\n<p style=\"font-size: 13px; font-weight: bold; text-align: justify!important; letter-spacing: 0.5px; line-height: 1.5; margin-top: -20px;\">In this article, Ba\u015faran, MD mentions a new practical method for determining the changes in nasal parts during the operation of rhinoplasty.<\/p>\n<p style=\"font-size: 10px; font-weight: 400; text-align: justify!important; letter-spacing: 0.5px; line-height: 1.5; margin-top: -5px;\">BA\u015eARAN \u0130BRAH\u0130M KARACA,P\u0130LANCI \u00d6ZG\u00dcR,ERS\u0130N \u0130DR\u0130S (2014). \u201cThree-Suture Technique\u201d for Estimation of the Intraoperative Maneuvers in Rhinoplasty. Journal of Craniofacial Surgery, 25(1), 72-74., Doi: 10.1097\/SCS.0000000000000401<\/p>\n<p>[\/vc_column_text][vc_column_text css=&#8221;.vc_custom_1542449315196{padding-top: 15px !important;}&#8221;]<a href=\"http:\/\/drkaracabasaran.com\/en\/teknik\/kn-teknik-9.pdf\" target=\"_blank\" rel=\"noopener\"><img decoding=\"async\" loading=\"lazy\" class=\"aligncenter size-full wp-image-178\" src=\"http:\/\/drkaracabasaran.com\/en\/wp-content\/uploads\/2018\/11\/makaleyi-oku-buton.jpg\" alt=\"\" width=\"500\" height=\"39\" srcset=\"https:\/\/drkaracabasaran.com\/en\/wp-content\/uploads\/2018\/11\/makaleyi-oku-buton.jpg 500w, https:\/\/drkaracabasaran.com\/en\/wp-content\/uploads\/2018\/11\/makaleyi-oku-buton-300x23.jpg 300w\" sizes=\"(max-width: 500px) 100vw, 500px\" \/><\/a>[\/vc_column_text][vc_empty_space height=&#8221;15px&#8221;][\/vc_column][vc_column width=&#8221;1\/2&#8243;][vc_column_text]<\/p>\n<h5 style=\"color: #8e7a67; font-size: 15px; font-weight: 500; font-family: inherit; letter-spacing: 0.5px;\">KB Technique #10<\/h5>\n<p style=\"font-size: 13px; font-weight: bold; text-align: justify!important; letter-spacing: 0.5px; line-height: 1.5; margin-top: -20px;\">In this article, Ba\u015faran, MD described a new surgical instrument which facilitates rhinoplasty, invented by himself and patented in his own name.<\/p>\n<p style=\"font-size: 10px; font-weight: 400; text-align: justify!important; letter-spacing: 0.5px; line-height: 1.5; margin-top: -5px;\">BA\u015eARAN \u0130BRAH\u0130M KARACA,BASAT SAL\u0130H ONUR,AK\u00d6Z SAYDAM FUNDA (2015). An Easy Spreader Graft Fixation Technique by Using a Modified Speculum in Rhinoplasty. Journal of Craniofacial Surgery, 26(4), 366, Doi: 10.1097\/SCS.0000000000001799<\/p>\n<p>[\/vc_column_text][vc_column_text css=&#8221;.vc_custom_1542449322535{padding-top: 15px !important;}&#8221;]<a href=\"http:\/\/drkaracabasaran.com\/en\/teknik\/kn-teknik-10.pdf\" target=\"_blank\" rel=\"noopener\"><img decoding=\"async\" loading=\"lazy\" class=\"aligncenter size-full wp-image-178\" src=\"http:\/\/drkaracabasaran.com\/en\/wp-content\/uploads\/2018\/11\/makaleyi-oku-buton.jpg\" alt=\"\" width=\"500\" height=\"39\" srcset=\"https:\/\/drkaracabasaran.com\/en\/wp-content\/uploads\/2018\/11\/makaleyi-oku-buton.jpg 500w, https:\/\/drkaracabasaran.com\/en\/wp-content\/uploads\/2018\/11\/makaleyi-oku-buton-300x23.jpg 300w\" sizes=\"(max-width: 500px) 100vw, 500px\" \/><\/a>[\/vc_column_text][\/vc_column][\/vc_row][vc_row css=&#8221;.vc_custom_1542448662999{padding-top: 50px !important;padding-bottom: 50px !important;}&#8221;][vc_column width=&#8221;1\/2&#8243;][vc_column_text]<\/p>\n<h5 style=\"color: #8e7a67; font-size: 15px; font-weight: 500; font-family: inherit; letter-spacing: 0.5px;\">KB Technique #11<\/h5>\n<p style=\"font-size: 13px; font-weight: bold; text-align: justify!important; letter-spacing: 0.5px; line-height: 1.5; margin-top: -20px;\">In this article, Ba\u015faran, MD explained a technique which facilitates liposuction surgeries.<\/p>\n<p style=\"font-size: 10px; font-weight: 400; text-align: justify!important; letter-spacing: 0.5px; line-height: 1.5; margin-top: -5px;\">BA\u015eARAN \u0130BRAH\u0130M KARACA,ERS\u0130N \u0130DR\u0130S,P\u0130LANCI \u00d6ZG\u00dcR (2013). A Practical Solution for Preventing an Air Leak During Syringe-Assisted Liposuction. Aesthetic Plastic Surgery, 37(2), 472-473., Doi: 10.1007\/s00266-013-0085-5<\/p>\n<p>[\/vc_column_text][vc_column_text css=&#8221;.vc_custom_1542449331474{padding-top: 15px !important;}&#8221;]<a href=\"http:\/\/drkaracabasaran.com\/en\/teknik\/kn-teknik-11.pdf\" target=\"_blank\" rel=\"noopener\"><img decoding=\"async\" loading=\"lazy\" class=\"aligncenter size-full wp-image-178\" src=\"http:\/\/drkaracabasaran.com\/en\/wp-content\/uploads\/2018\/11\/makaleyi-oku-buton.jpg\" alt=\"\" width=\"500\" height=\"39\" srcset=\"https:\/\/drkaracabasaran.com\/en\/wp-content\/uploads\/2018\/11\/makaleyi-oku-buton.jpg 500w, https:\/\/drkaracabasaran.com\/en\/wp-content\/uploads\/2018\/11\/makaleyi-oku-buton-300x23.jpg 300w\" sizes=\"(max-width: 500px) 100vw, 500px\" \/><\/a>[\/vc_column_text][vc_empty_space height=&#8221;15px&#8221;][\/vc_column][vc_column width=&#8221;1\/2&#8243;][vc_column_text]<\/p>\n<h5 style=\"color: #8e7a67; font-size: 15px; font-weight: 500; font-family: inherit; letter-spacing: 0.5px;\">KB Technique #12<\/h5>\n<p style=\"font-size: 13px; font-weight: bold; text-align: justify!important; letter-spacing: 0.5px; line-height: 1.5; margin-top: -20px;\">In this article published in the world&#8217;s most prestigious journal PRS under the name of Ozan S\u00f6zer, MD, how to use the tummy tuck and liposuction techniques together is described.<\/p>\n<p>[\/vc_column_text][vc_column_text css=&#8221;.vc_custom_1542449338736{padding-top: 15px !important;}&#8221;]<a href=\"http:\/\/drkaracabasaran.com\/en\/teknik\/kn-teknik-12.pdf\" target=\"_blank\" rel=\"noopener\"><img decoding=\"async\" loading=\"lazy\" class=\"aligncenter size-full wp-image-178\" src=\"http:\/\/drkaracabasaran.com\/en\/wp-content\/uploads\/2018\/11\/makaleyi-oku-buton.jpg\" alt=\"\" width=\"500\" height=\"39\" srcset=\"https:\/\/drkaracabasaran.com\/en\/wp-content\/uploads\/2018\/11\/makaleyi-oku-buton.jpg 500w, https:\/\/drkaracabasaran.com\/en\/wp-content\/uploads\/2018\/11\/makaleyi-oku-buton-300x23.jpg 300w\" sizes=\"(max-width: 500px) 100vw, 500px\" \/><\/a>[\/vc_column_text][\/vc_column][\/vc_row][vc_row full_width=&#8221;stretch_row&#8221; css=&#8221;.vc_custom_1542445601031{padding-top: 30px !important;padding-bottom: 40px !important;background-image: url(http:\/\/drkaracabasaran.com\/en\/wp-content\/uploads\/2018\/11\/islemler-parallax.jpg?id=147) !important;background-position: center !important;background-repeat: no-repeat !important;background-size: cover !important;}&#8221;][vc_column width=&#8221;1\/6&#8243;][\/vc_column][vc_column width=&#8221;2\/3&#8243; css=&#8221;.vc_custom_1542379732249{margin-left: -25px !important;}&#8221;][vc_column_text]<\/p>\n<p style=\"font-size: 24px; font-family: questa-grande; font-style: italic; text-align: center; font-weight: 500; margin-top: -15px;\">Important Information Before the Examination<\/p>\n<p style=\"color: #b19881; font-size: 16px; font-style: italic; text-align: center; font-weight: 500; margin-top: -45px;\">Please read carefully before getting an appointment.<\/p>\n<p>[\/vc_column_text][\/vc_column][vc_column width=&#8221;1\/6&#8243;][vc_btn title=&#8221;VIEW NOW&#8221; style=&#8221;custom&#8221; custom_background=&#8221;#303030&#8243; custom_text=&#8221;#ffffff&#8221; align=&#8221;left&#8221; link=&#8221;url:http%3A%2F%2Fdrkaracabasaran.com%2Fen%2Finformation-about-consultation|||&#8221;][\/vc_column][\/vc_row]<\/p>\n","protected":false},"excerpt":{"rendered":"<p>[vc_row full_width=&#8221;stretch_row&#8221; css=&#8221;.vc_custom_1542380192294{padding-top: 30px !important;padding-bottom: 70px !important;background-image: url(http:\/\/drkaracabasaran.com\/en\/wp-content\/uploads\/2018\/11\/islemler-header.jpg?id=111) !important;background-position: center !important;background-repeat: no-repeat !important;background-size: cover !important;}&#8221;][vc_column][vc_column_text] PERSONAL TECHNIQUES [\/vc_column_text][\/vc_column][\/vc_row][vc_row css=&#8221;.vc_custom_1542446419420{padding-top: 10px<\/p>\n","protected":false},"author":1,"featured_media":0,"parent":0,"menu_order":0,"comment_status":"closed","ping_status":"closed","template":"page-no-paddings.php","meta":[],"aioseo_notices":[],"_links":{"self":[{"href":"https:\/\/drkaracabasaran.com\/en\/wp-json\/wp\/v2\/pages\/27"}],"collection":[{"href":"https:\/\/drkaracabasaran.com\/en\/wp-json\/wp\/v2\/pages"}],"about":[{"href":"https:\/\/drkaracabasaran.com\/en\/wp-json\/wp\/v2\/types\/page"}],"author":[{"embeddable":true,"href":"https:\/\/drkaracabasaran.com\/en\/wp-json\/wp\/v2\/users\/1"}],"replies":[{"embeddable":true,"href":"https:\/\/drkaracabasaran.com\/en\/wp-json\/wp\/v2\/comments?post=27"}],"version-history":[{"count":35,"href":"https:\/\/drkaracabasaran.com\/en\/wp-json\/wp\/v2\/pages\/27\/revisions"}],"predecessor-version":[{"id":440,"href":"https:\/\/drkaracabasaran.com\/en\/wp-json\/wp\/v2\/pages\/27\/revisions\/440"}],"wp:attachment":[{"href":"https:\/\/drkaracabasaran.com\/en\/wp-json\/wp\/v2\/media?parent=27"}],"curies":[{"name":"wp","href":"https:\/\/api.w.org\/{rel}","templated":true}]}}