{"id":22,"date":"2018-11-15T17:14:25","date_gmt":"2018-11-15T14:14:25","guid":{"rendered":"http:\/\/drkaracabasaran.com\/en\/?page_id=22"},"modified":"2023-05-29T14:14:06","modified_gmt":"2023-05-29T11:14:06","slug":"about-me","status":"publish","type":"page","link":"https:\/\/drkaracabasaran.com\/en\/about-me","title":{"rendered":"About Me"},"content":{"rendered":"<p>[vc_row full_width=&#8221;stretch_row_content_no_spaces&#8221;][vc_column][vc_column_text]<img decoding=\"async\" loading=\"lazy\" class=\"alignnone size-full wp-image-34\" src=\"http:\/\/drkaracabasaran.com\/en\/wp-content\/uploads\/2018\/11\/cover_hakkimda_karaca_basaran-1.jpg\" alt=\"\" width=\"2880\" height=\"1600\" srcset=\"https:\/\/drkaracabasaran.com\/en\/wp-content\/uploads\/2018\/11\/cover_hakkimda_karaca_basaran-1.jpg 2880w, https:\/\/drkaracabasaran.com\/en\/wp-content\/uploads\/2018\/11\/cover_hakkimda_karaca_basaran-1-300x167.jpg 300w, https:\/\/drkaracabasaran.com\/en\/wp-content\/uploads\/2018\/11\/cover_hakkimda_karaca_basaran-1-768x427.jpg 768w, https:\/\/drkaracabasaran.com\/en\/wp-content\/uploads\/2018\/11\/cover_hakkimda_karaca_basaran-1-1024x569.jpg 1024w\" sizes=\"(max-width: 2880px) 100vw, 2880px\" \/>[\/vc_column_text][\/vc_column][\/vc_row][vc_row][vc_column width=&#8221;1\/3&#8243; alignment=&#8221;center&#8221;][\/vc_column][vc_column width=&#8221;1\/3&#8243;][vc_empty_space][vc_column_text]<\/p>\n<div style=\"text-align: center;\">\n<h4 style=\"color: #8e7a67; font-weight: bold; width: fit-content; padding: 7px 20px 4px; border: 3px solid #b19881; text-align: center;\">KARACA BASARAN, MD, PROFESSOR. DOCTOR.<\/h4>\n<\/div>\n<p>[\/vc_column_text][\/vc_column][vc_column width=&#8221;1\/3&#8243;][\/vc_column][\/vc_row][vc_row][vc_column alignment=&#8221;center&#8221;][vc_empty_space][vc_column_text]<\/p>\n<p style=\"font-size: 15px; line-height: 30px;\">Born in 1979, Prof. DR. Karaca Ba\u015faran, MD completed his secondary and high school education at Tarsus American College. In 2003, he got his title of MD from Marmara University Faculty of Medicine. He completed his specialty in Plastic Reconstructive and Aesthetic Surgery at Istanbul University Faculty of Medicine (\u00c7apa) which he entered with a degree. Following his compulsory service, he became an Professor Doctor in 2017 and now Ba\u015faran, MD accepts his patients in his private clinic in Levent, Istanbul. Ba\u015faran, MD&#8217;s hobbies include playing drums, playing basketball and riding motorcycles.<\/p>\n<p>[\/vc_column_text][\/vc_column][\/vc_row][vc_row][vc_column width=&#8221;1\/3&#8243; alignment=&#8221;center&#8221;][\/vc_column][vc_column width=&#8221;1\/3&#8243;][vc_empty_space][vc_column_text]<\/p>\n<div style=\"text-align: center;\">\n<h4 style=\"color: #8e7a67; font-weight: bold; width: fit-content; padding: 7px 20px 4px; border: 3px solid #b19881; text-align: center;\">INTERNATIONAL EXPERIENCE<\/h4>\n<\/div>\n<p>[\/vc_column_text][\/vc_column][vc_column width=&#8221;1\/3&#8243;][\/vc_column][\/vc_row][vc_row][vc_column alignment=&#8221;center&#8221;][vc_empty_space][vc_column_text]<\/p>\n<p style=\"font-size: 15px; line-height: 30px;\">He received the certificate of ECFMG required for working actively in the United States of America by passing all written and oral exams in 2003 (ECFMG ID: 06553911, USMLE STEPS 1-2-3). He got his surgical rotation at Massachusetts General Hospital, Harvard Medical School, Boston, the USA; Internal medicine rotation at Imperial College, Royal Brompton Hospital, London, UK. He completed his higher specialty at Temple Health, Fox Chase Cancer Center, Philadelphia, one of the most important centres in the USA. Having the authority to see, examine and operate a patient in the United States of America, Ba\u015faran, MD performed approximately 500 surgical operations in many clinics. He took part in various surgeries with the valuable surgeons in the United States. In 2009, he was with James Grotting, MD and Louis Vasconez, MD in Birmingham, Alabama for breast aesthetics. He worked with Naz\u0131m Cerke\u015f for 3 months for rhinoplasty. He has learned about endoscopic (no scar) facial aesthetics operations which are his specialty in all plastic surgery procedures from Oscar Ramirez, the best name in the world in this subject (Miami-Florida). For breast reconstruction, he increased his knowledge with Hilton Becker, MD, best known by Becker prostheses. For the post-weight loss body contouring aesthetics which has recently increased a lot, he was with Joe Hunstad, MD (Charlotte, North Carolina), Ozan Sozer, MD (El Paso, Texas) and Constantino Mendieta, MD (Miami). He went to Brazil, one of the leading countries in the body and buttock aesthetics, he performed surgeries with Raul Gonzalez, MD and increased his knowledge. He learned the migraine surgery which is his another area of interest from Bahmen Guyuryon, MD (Cleveland, Ohio) who found these surgical techniques and taught all the world. Before returning to Turkey, he improved his knowledge of minimal invasive surgical procedures from Daniel Baker, MD (New York), one of the most important doctors in ophthalmic and facial aesthetics surgery. He visited Dr. Wu in Taiwan; one of the pioneers of endsocopic facial plastic surgery in Asia. For advancing his skills in deep plane face lift, Dr Basaran trained at centers in Louisville, Kentucky with Dr. O \u2018Daniel, Dr. Auersvald (Brazil) and Dr. Jacono (NY). He received his basic microsurgery training from the Department of Neurosurgery, University of Zurich, Switzerland in 2007.<\/p>\n<p>[\/vc_column_text][vc_empty_space height=&#8221;30px&#8221;][\/vc_column][\/vc_row][vc_row full_width=&#8221;stretch_row&#8221; css=&#8221;.vc_custom_1542299470319{padding-top: 10px !important;padding-bottom: 40px !important;background-image: url(http:\/\/drkaracabasaran.com\/en\/wp-content\/uploads\/2018\/11\/hakkimda-parallax-1.jpg?id=52) !important;background-position: center !important;background-repeat: no-repeat !important;background-size: cover !important;}&#8221;][vc_column width=&#8221;1\/4&#8243;][\/vc_column][vc_column width=&#8221;1\/2&#8243;][vc_column_text]<\/p>\n<h5 style=\"text-align: center; color: #fff; font-size: 30px; font-weight: bold;\">1. THE BEST CLINICAL STUDY<\/h5>\n<p style=\"text-align: center; color: #fff; font-size: 17px; margin-top: -35px; line-height: 1.2;\">In the technique developed by himself and published in PRS which is the most prestigious magazine, Ba\u015faran, MD described a very safe reduction technique in large breasts. In 2010, he was granted an award by the Turkish Plastic Surgery Association for this study.<\/p>\n<p>[\/vc_column_text][\/vc_column][vc_column width=&#8221;1\/4&#8243;][\/vc_column][\/vc_row][vc_row][vc_column width=&#8221;1\/2&#8243; alignment=&#8221;center&#8221;][vc_empty_space][vc_row_inner][vc_column_inner alignment=&#8221;center&#8221; css=&#8221;.vc_custom_1542635418986{padding-left: 22% !important;}&#8221; offset=&#8221;vc_hidden-sm vc_hidden-xs&#8221;][vc_column_text]<\/p>\n<h4 style=\"color: #8e7a67; font-weight: bold; width: fit-content; padding: 7px 20px 4px; border: 3px solid #b19881;\">+10.000 SUCCESSFUL OPERATIONS<\/h4>\n<p>[\/vc_column_text][\/vc_column_inner][\/vc_row_inner][vc_row_inner][vc_column_inner alignment=&#8221;center&#8221; offset=&#8221;vc_hidden-lg vc_hidden-md&#8221;][vc_column_text]<\/p>\n<h4 style=\"color: #8e7a67; font-weight: bold; width: fit-content; padding: 7px 20px 4px; border: 3px solid #b19881;\">+10.000 SUCCESSFUL OPERATIONS<\/h4>\n<p>[\/vc_column_text][\/vc_column_inner][\/vc_row_inner][vc_empty_space height=&#8221;15px&#8221;][vc_column_text]<\/p>\n<p style=\"font-size: 15px; line-height: 30px;\">Basaran, MD has performed thousands of surgical operations in all areas of plastic surgery during his specialty training, abroad working experience, and compulsory service periods. Except for standard reconstructive and aesthetic procedures, he has also been performing mostly super microsurgery, endoscopic facial surgery, ophthalmic surgery, and migraine surgery.<\/p>\n<p>[\/vc_column_text][vc_empty_space height=&#8221;30px&#8221;][\/vc_column][vc_column width=&#8221;1\/2&#8243; alignment=&#8221;center&#8221;][vc_empty_space][vc_row_inner][vc_column_inner css=&#8221;.vc_custom_1542635427728{padding-left: 13% !important;}&#8221; offset=&#8221;vc_hidden-sm vc_hidden-xs&#8221;][vc_column_text]<\/p>\n<div style=\"text-align: center;\">\n<h4 style=\"color: #8e7a67; font-weight: bold; width: fit-content; padding: 7px 20px 4px; border: 3px solid #b19881; text-align: center;\">MODERN AND SCIENTIFIC BASED TECHNIQUES<\/h4>\n<\/div>\n<p>[\/vc_column_text][\/vc_column_inner][\/vc_row_inner][vc_row_inner][vc_column_inner offset=&#8221;vc_hidden-lg vc_hidden-md&#8221;][vc_column_text]<\/p>\n<div style=\"text-align: center;\">\n<h4 style=\"color: #8e7a67; font-weight: bold; width: fit-content; padding: 7px 20px 4px; border: 3px solid #b19881; text-align: center;\">MODERN AND SCIENTIFIC BASED TECHNIQUES<\/h4>\n<\/div>\n<p>[\/vc_column_text][\/vc_column_inner][\/vc_row_inner][vc_empty_space height=&#8221;15px&#8221;][vc_column_text]<\/p>\n<p style=\"font-size: 15px; line-height: 30px;\">Having a very intensive academic background, Ba\u015faran, MD put his signature under over 60 articles, more than 90 academic papers and many surgical techniques published in the best academic journals. These include 3 different breast reduction techniques described by him; breast augmentation, tummy tuck, liposuction and rhinoplasty techniques developed jointly by different surgeons. There are two different surgical instruments designed by himself and patented. He is the only Turkish surgeon who has articles about breast reduction, breast augmentation, rhinoplasty, tummy tuck, and liposuction and experimental study in PRS which is the world&#8217;s best plastic surgery magazine.<\/p>\n<p>[\/vc_column_text][vc_empty_space height=&#8221;30px&#8221;][\/vc_column][\/vc_row][vc_row full_width=&#8221;stretch_row&#8221; css=&#8221;.vc_custom_1542378956980{padding-top: 60px !important;padding-bottom: 60px !important;background-color: #f4f4f4 !important;}&#8221;][vc_column width=&#8221;1\/2&#8243;][vc_column_text]<\/p>\n<div style=\"text-align: center;\">\n<h4 style=\"color: #8e7a67; font-weight: bold; width: 120px; padding: 7px 0px 4px; border: 3px solid #b19881; text-align: center;\">BOOKS<\/h4>\n<\/div>\n<p>[\/vc_column_text][vc_empty_space height=&#8221;15px&#8221;][vc_column_text css=&#8221;.vc_custom_1542643827462{padding-right: 20% !important;}&#8221;]<\/p>\n<p style=\"font-size: 15px; line-height: 30px;\">Having an intensive academic background, Karaca Ba\u015faran, MD has his chapters explain his own technique in 2 books titled \u201cLiposuction: Principles and Practice, 2nd edition\u201d and \u201cNipple-Areolar Complex Reconstruction\u201d. Both books were published by Springer, one of the world&#8217;s largest publishing house.<\/p>\n<p>[\/vc_column_text][vc_empty_space height=&#8221;15px&#8221;][\/vc_column][vc_column width=&#8221;1\/2&#8243; css=&#8221;.vc_custom_1542378882232{margin-top: -40px !important;}&#8221;][vc_row_inner][vc_column_inner width=&#8221;1\/2&#8243;][vc_column_text]<a href=\"http:\/\/drkaracabasaran.com\/en\/minor_smart_modifications_for_increasing_the_efficacy_of_liposuction.pdf\" target=\"_blank\" rel=\"noopener\"><img decoding=\"async\" class=\"alignnone size-full wp-image-90\" src=\"http:\/\/drkaracabasaran.com\/en\/wp-content\/uploads\/2018\/11\/about_book_1.png\" alt=\"\" width=\"204\" srcset=\"https:\/\/drkaracabasaran.com\/en\/wp-content\/uploads\/2018\/11\/about_book_1.png 442w, https:\/\/drkaracabasaran.com\/en\/wp-content\/uploads\/2018\/11\/about_book_1-213x300.png 213w\" sizes=\"(max-width: 442px) 100vw, 442px\" \/><\/a>[\/vc_column_text][vc_empty_space height=&#8221;15px&#8221;][\/vc_column_inner][vc_column_inner width=&#8221;1\/2&#8243;][vc_column_text]<a href=\"the_free_nipple_breast_reduction_technique_performed_with_transfer_of_the_nipple_areola_complex_over_the_superior_or_superomedial_pedicles.pdf\" target=\"_blank\" rel=\"noopener\"><img decoding=\"async\" class=\"alignnone size-full wp-image-92\" src=\"http:\/\/drkaracabasaran.com\/en\/wp-content\/uploads\/2018\/11\/about_book_2.png\" alt=\"\" width=\"204\" srcset=\"https:\/\/drkaracabasaran.com\/en\/wp-content\/uploads\/2018\/11\/about_book_2.png 442w, https:\/\/drkaracabasaran.com\/en\/wp-content\/uploads\/2018\/11\/about_book_2-213x300.png 213w\" sizes=\"(max-width: 442px) 100vw, 442px\" \/><\/a>[\/vc_column_text][vc_empty_space height=&#8221;15px&#8221;][\/vc_column_inner][\/vc_row_inner][\/vc_column][\/vc_row][vc_row full_width=&#8221;stretch_row&#8221; css=&#8221;.vc_custom_1542379645421{padding-top: 20px !important;padding-bottom: 20px !important;background-color: #eaeaea !important;}&#8221;][vc_column width=&#8221;5\/6&#8243;][vc_column_text]<\/p>\n<p style=\"font-size: 22px; text-align: center;\">For More Information About Karaca Ba\u015faran\u2019s Academic Background<\/p>\n<p>[\/vc_column_text][\/vc_column][vc_column width=&#8221;1\/6&#8243; css=&#8221;.vc_custom_1542379732249{margin-left: -25px !important;}&#8221;][vc_btn title=&#8221;VIEW NOW&#8221; style=&#8221;custom&#8221; custom_background=&#8221;#505050&#8243; custom_text=&#8221;#ffffff&#8221; align=&#8221;center&#8221; link=&#8221;url:http%3A%2F%2Fdrkaracabasaran.com%2Fen%2Fdrkaracabasaran_akademik_cv.pdf||target:%20_blank|&#8221;][\/vc_column][\/vc_row]<\/p>\n","protected":false},"excerpt":{"rendered":"<p>[vc_row full_width=&#8221;stretch_row_content_no_spaces&#8221;][vc_column][vc_column_text][\/vc_column_text][\/vc_column][\/vc_row][vc_row][vc_column width=&#8221;1\/3&#8243; alignment=&#8221;center&#8221;][\/vc_column][vc_column width=&#8221;1\/3&#8243;][vc_empty_space][vc_column_text] KARACA BASARAN, MD, PROFESSOR. DOCTOR. [\/vc_column_text][\/vc_column][vc_column width=&#8221;1\/3&#8243;][\/vc_column][\/vc_row][vc_row][vc_column alignment=&#8221;center&#8221;][vc_empty_space][vc_column_text] Born in 1979, Prof. DR. Karaca Ba\u015faran,<\/p>\n","protected":false},"author":1,"featured_media":0,"parent":0,"menu_order":0,"comment_status":"closed","ping_status":"closed","template":"page-no-paddings.php","meta":[],"aioseo_notices":[],"_links":{"self":[{"href":"https:\/\/drkaracabasaran.com\/en\/wp-json\/wp\/v2\/pages\/22"}],"collection":[{"href":"https:\/\/drkaracabasaran.com\/en\/wp-json\/wp\/v2\/pages"}],"about":[{"href":"https:\/\/drkaracabasaran.com\/en\/wp-json\/wp\/v2\/types\/page"}],"author":[{"embeddable":true,"href":"https:\/\/drkaracabasaran.com\/en\/wp-json\/wp\/v2\/users\/1"}],"replies":[{"embeddable":true,"href":"https:\/\/drkaracabasaran.com\/en\/wp-json\/wp\/v2\/comments?post=22"}],"version-history":[{"count":93,"href":"https:\/\/drkaracabasaran.com\/en\/wp-json\/wp\/v2\/pages\/22\/revisions"}],"predecessor-version":[{"id":456,"href":"https:\/\/drkaracabasaran.com\/en\/wp-json\/wp\/v2\/pages\/22\/revisions\/456"}],"wp:attachment":[{"href":"https:\/\/drkaracabasaran.com\/en\/wp-json\/wp\/v2\/media?parent=22"}],"curies":[{"name":"wp","href":"https:\/\/api.w.org\/{rel}","templated":true}]}}